{"id":2845,"date":"2022-08-23T08:48:37","date_gmt":"2022-08-23T08:48:37","guid":{"rendered":"https:\/\/vaka.is\/on-waking"},"modified":"2022-08-23T08:52:58","modified_gmt":"2022-08-23T08:52:58","slug":"about-vaka","status":"publish","type":"page","link":"https:\/\/vaka.is\/en\/about-vaka","title":{"rendered":"About Vaka"},"content":{"rendered":"\t\t<div data-elementor-type=\"wp-page\" data-elementor-id=\"2845\" class=\"elementor elementor-2845 elementor-322\" data-elementor-post-type=\"page\">\n\t\t\t\t\t\t<section class=\"elementor-section elementor-top-section elementor-element elementor-element-3c401af elementor-section-full_width elementor-section-height-default elementor-section-height-default\" data-id=\"3c401af\" data-element_type=\"section\">\n\t\t\t\t\t\t<div class=\"elementor-container elementor-column-gap-no\">\n\t\t\t\t\t<div class=\"elementor-column elementor-col-100 elementor-top-column elementor-element elementor-element-ae32e9f\" data-id=\"ae32e9f\" data-element_type=\"column\">\n\t\t\t<div class=\"elementor-widget-wrap elementor-element-populated\">\n\t\t\t\t\t\t<div class=\"elementor-element elementor-element-4d6895b elementor-widget elementor-widget-uael-google-map\" data-id=\"4d6895b\" data-element_type=\"widget\" data-settings=\"{&quot;option_streeview&quot;:&quot;yes&quot;,&quot;type_control&quot;:&quot;yes&quot;,&quot;zoom_control&quot;:&quot;yes&quot;,&quot;fullscreen_control&quot;:&quot;yes&quot;}\" data-widget_type=\"uael-google-map.default\">\n\t\t\t\t<div class=\"elementor-widget-container\">\n\t\t\t\t\t\t\t<div class=\"uael-google-map-wrap\">\n\t\t\t<div id=\"uael-google-map-4d6895b\" class=\"uael-google-map\" data-map_options=\"{&quot;zoom&quot;:15,&quot;mapTypeId&quot;:&quot;roadmap&quot;,&quot;mapTypeControl&quot;:true,&quot;streetViewControl&quot;:true,&quot;zoomControl&quot;:true,&quot;fullscreenControl&quot;:true,&quot;gestureHandling&quot;:true}\" data-cluster=\"no\" data-cluster-attr=\"[]\" data-max-width=\"250\" data-locations=\"[[&quot;64.151940&quot;,&quot;-21.878980&quot;,true,&quot;Vaka hf.&quot;,&quot;H\\u00e9dinsgata 2&lt;br&gt;105 Reykjav\\u00edk&quot;,&quot;&quot;,&quot;&quot;,&quot;&quot;,&quot;iw_open&quot;]]\" data-animate=\"\" data-auto-center=\"center\" data-custom-style=\"[\n  {\n    &quot;elementType&quot;: &quot;geometry&quot;,\n    &quot;stylers&quot;: [\n      {\n        &quot;color&quot;: &quot;#f5f5f5&quot;\n      }\n    ]\n  },\n  {\n    &quot;elementType&quot;: &quot;labels.icon&quot;,\n    &quot;stylers&quot;: [\n      {\n        &quot;visibility&quot;: &quot;off&quot;\n      }\n    ]\n  },\n  {\n    &quot;elementType&quot;: &quot;labels.text.fill&quot;,\n    &quot;stylers&quot;: [\n      {\n        &quot;color&quot;: &quot;#616161&quot;\n      }\n    ]\n  },\n  {\n    &quot;elementType&quot;: &quot;labels.text.stroke&quot;,\n    &quot;stylers&quot;: [\n      {\n        &quot;color&quot;: &quot;#f5f5f5&quot;\n      }\n    ]\n  },\n  {\n    &quot;featureType&quot;: &quot;administrative.land_parcel&quot;,\n    &quot;elementType&quot;: &quot;labels.text.fill&quot;,\n    &quot;stylers&quot;: [\n      {\n        &quot;color&quot;: &quot;#bdbdbd&quot;\n      }\n    ]\n  },\n  {\n    &quot;featureType&quot;: &quot;poi&quot;,\n    &quot;elementType&quot;: &quot;geometry&quot;,\n    &quot;stylers&quot;: [\n      {\n        &quot;color&quot;: &quot;#eeeeee&quot;\n      }\n    ]\n  },\n  {\n    &quot;featureType&quot;: &quot;poi&quot;,\n    &quot;elementType&quot;: &quot;labels.text.fill&quot;,\n    &quot;stylers&quot;: [\n      {\n        &quot;color&quot;: &quot;#757575&quot;\n      }\n    ]\n  },\n  {\n    &quot;featureType&quot;: &quot;poi.park&quot;,\n    &quot;elementType&quot;: &quot;geometry&quot;,\n    &quot;stylers&quot;: [\n      {\n        &quot;color&quot;: &quot;#e5e5e5&quot;\n      }\n    ]\n  },\n  {\n    &quot;featureType&quot;: &quot;poi.park&quot;,\n    &quot;elementType&quot;: &quot;labels.text.fill&quot;,\n    &quot;stylers&quot;: [\n      {\n        &quot;color&quot;: &quot;#9e9e9e&quot;\n      }\n    ]\n  },\n  {\n    &quot;featureType&quot;: &quot;road&quot;,\n    &quot;elementType&quot;: &quot;geometry&quot;,\n    &quot;stylers&quot;: [\n      {\n        &quot;color&quot;: &quot;#ffffff&quot;\n      }\n    ]\n  },\n  {\n    &quot;featureType&quot;: &quot;road.arterial&quot;,\n    &quot;elementType&quot;: &quot;labels.text.fill&quot;,\n    &quot;stylers&quot;: [\n      {\n        &quot;color&quot;: &quot;#757575&quot;\n      }\n    ]\n  },\n  {\n    &quot;featureType&quot;: &quot;road.highway&quot;,\n    &quot;elementType&quot;: &quot;geometry&quot;,\n    &quot;stylers&quot;: [\n      {\n        &quot;color&quot;: &quot;#dadada&quot;\n      }\n    ]\n  },\n  {\n    &quot;featureType&quot;: &quot;road.highway&quot;,\n    &quot;elementType&quot;: &quot;labels.text.fill&quot;,\n    &quot;stylers&quot;: [\n      {\n        &quot;color&quot;: &quot;#616161&quot;\n      }\n    ]\n  },\n  {\n    &quot;featureType&quot;: &quot;road.local&quot;,\n    &quot;elementType&quot;: &quot;labels.text.fill&quot;,\n    &quot;stylers&quot;: [\n      {\n        &quot;color&quot;: &quot;#9e9e9e&quot;\n      }\n    ]\n  },\n  {\n    &quot;featureType&quot;: &quot;transit.line&quot;,\n    &quot;elementType&quot;: &quot;geometry&quot;,\n    &quot;stylers&quot;: [\n      {\n        &quot;color&quot;: &quot;#e5e5e5&quot;\n      }\n    ]\n  },\n  {\n    &quot;featureType&quot;: &quot;transit.station&quot;,\n    &quot;elementType&quot;: &quot;geometry&quot;,\n    &quot;stylers&quot;: [\n      {\n        &quot;color&quot;: &quot;#eeeeee&quot;\n      }\n    ]\n  },\n  {\n    &quot;featureType&quot;: &quot;water&quot;,\n    &quot;elementType&quot;: &quot;geometry&quot;,\n    &quot;stylers&quot;: [\n      {\n        &quot;color&quot;: &quot;#c9c9c9&quot;\n      }\n    ]\n  },\n  {\n    &quot;featureType&quot;: &quot;water&quot;,\n    &quot;elementType&quot;: &quot;geometry.fill&quot;,\n    &quot;stylers&quot;: [\n      {\n        &quot;color&quot;: &quot;#1c75bc&quot;\n      }\n    ]\n  },\n  {\n    &quot;featureType&quot;: &quot;water&quot;,\n    &quot;elementType&quot;: &quot;labels.text.fill&quot;,\n    &quot;stylers&quot;: [\n      {\n        &quot;color&quot;: &quot;#9e9e9e&quot;\n      }\n    ]\n  }\n]\"><\/div>\n\t\t<\/div>\n\t\t\t\t\t\t<\/div>\n\t\t\t\t<\/div>\n\t\t\t\t\t<\/div>\n\t\t<\/div>\n\t\t\t\t\t<\/div>\n\t\t<\/section>\n\t\t\t\t<section class=\"elementor-section elementor-top-section elementor-element elementor-element-d357608 elementor-section-boxed elementor-section-height-default elementor-section-height-default\" data-id=\"d357608\" data-element_type=\"section\">\n\t\t\t\t\t\t<div class=\"elementor-container elementor-column-gap-default\">\n\t\t\t\t\t<div class=\"elementor-column elementor-col-50 elementor-top-column elementor-element elementor-element-3ee7fc2\" data-id=\"3ee7fc2\" data-element_type=\"column\">\n\t\t\t<div class=\"elementor-widget-wrap elementor-element-populated\">\n\t\t\t\t\t\t<div class=\"elementor-element elementor-element-546bd57 elementor-widget elementor-widget-heading\" data-id=\"546bd57\" data-element_type=\"widget\" data-widget_type=\"heading.default\">\n\t\t\t\t<div class=\"elementor-widget-container\">\n\t\t\t\t\t<h2 class=\"elementor-heading-title elementor-size-medium\">Vaka for over 70 years\n<\/h2>\t\t\t\t<\/div>\n\t\t\t\t<\/div>\n\t\t\t\t<div class=\"elementor-element elementor-element-2d93828 elementor-widget-divider--view-line elementor-widget elementor-widget-divider\" data-id=\"2d93828\" data-element_type=\"widget\" data-widget_type=\"divider.default\">\n\t\t\t\t<div class=\"elementor-widget-container\">\n\t\t\t\t\t\t\t<div class=\"elementor-divider\">\n\t\t\t<span class=\"elementor-divider-separator\">\n\t\t\t\t\t\t<\/span>\n\t\t<\/div>\n\t\t\t\t\t\t<\/div>\n\t\t\t\t<\/div>\n\t\t\t\t<div class=\"elementor-element elementor-element-c40222c elementor-widget elementor-widget-text-editor\" data-id=\"c40222c\" data-element_type=\"widget\" data-widget_type=\"text-editor.default\">\n\t\t\t\t<div class=\"elementor-widget-container\">\n\t\t\t\t\t\t\t\t\t<p style=\"margin-bottom: 1.3em; caret-color: #424242; color: #424242; font-family: 'Work Sans', sans-serif; font-size: 16px; font-style: normal; font-weight: normal; text-size-adjust: auto;\">Vaka was founded in 1949 by Danish people, Hans Frost and Niels J\u00f6rgensen. The company&#8217;s original purpose was outlined in a press release in Morgunbla\u00f0in on the 28th. September 1949.<\/p><blockquote style=\"margin: 0px 0px 1.25em; font-size: 1.2em; padding: 0px 1.25em 0px 1.875em; border-left-width: 2px; border-color: #ffdb00; color: #333333; font-family: 'Work Sans', sans-serif; font-weight: normal; text-size-adjust: auto;\"><p style=\"margin-bottom: 1.3em;\">The Vaka company has taken on many types of relief work. It has a tow truck ready day or night to go to the scene if there is an accident, if vehicles are damaged so that they are not in a drivable condition, if vehicles go off the road or get stuck in the snow, etc. s. etc.<\/p><\/blockquote><p style=\"margin-bottom: 1.3em; caret-color: #424242; color: #424242; font-family: 'Work Sans', sans-serif; font-size: 16px; font-style: normal; font-weight: normal; text-size-adjust: auto;\">To this day, these are Vaka&#8217;s main projects, and the company has therefore been in the hands of car owners for over 70 years.<\/p><p style=\"margin-bottom: 1.3em; caret-color: #424242; color: #424242; font-family: 'Work Sans', sans-serif; font-size: 16px; font-style: normal; font-weight: normal; text-size-adjust: auto;\">In 1958, Hjalti Stef\u00e1nsson acquired the company and ran it until 1974, when he sold it to Ing\u00f3lfur Sigur\u00f0sson and his family.<\/p><p style=\"margin-bottom: 1.3em; caret-color: #424242; color: #424242; font-family: 'Work Sans', sans-serif; font-size: 16px; font-style: normal; font-weight: normal; text-size-adjust: auto;\">In 2004, the brothers Einar and Sveinn \u00c1sgeirsson bought the company and have been running it ever since.<\/p><p style=\"margin-bottom: 1.3em; caret-color: #424242; color: #424242; font-family: 'Work Sans', sans-serif; font-size: 16px; font-style: normal; font-weight: normal; text-size-adjust: auto;\">Vaka provides multi-faceted services related to automobiles, and most people are familiar with Vaka&#8217;s tow truck service and V\u00f6kuporti\u00f0, where you could pick up spare parts for cars for a long time. Tire service is also an important part of the business, both the sale of new and used tires as well as retreading and balancing. Vaka is also the largest receiver of cars for disposal and receives around 400 cars every month.<\/p><p style=\"margin-bottom: 1.3em; caret-color: #424242; color: #424242; font-family: 'Work Sans', sans-serif; font-size: 16px; font-style: normal; font-weight: normal; text-size-adjust: auto;\">Today, the company has around 30 employees.<\/p>\t\t\t\t\t\t\t\t<\/div>\n\t\t\t\t<\/div>\n\t\t\t\t\t<\/div>\n\t\t<\/div>\n\t\t\t\t<div class=\"elementor-column elementor-col-50 elementor-top-column elementor-element elementor-element-913d03e\" data-id=\"913d03e\" data-element_type=\"column\">\n\t\t\t<div class=\"elementor-widget-wrap elementor-element-populated\">\n\t\t\t\t\t\t<div class=\"elementor-element elementor-element-5db58f0 elementor-widget elementor-widget-heading\" data-id=\"5db58f0\" data-element_type=\"widget\" data-widget_type=\"heading.default\">\n\t\t\t\t<div class=\"elementor-widget-container\">\n\t\t\t\t\t<h2 class=\"elementor-heading-title elementor-size-medium\">Questions and answers about Vaka's activities<\/h2>\t\t\t\t<\/div>\n\t\t\t\t<\/div>\n\t\t\t\t<div class=\"elementor-element elementor-element-f940246 elementor-widget-divider--view-line elementor-widget elementor-widget-divider\" data-id=\"f940246\" data-element_type=\"widget\" data-widget_type=\"divider.default\">\n\t\t\t\t<div class=\"elementor-widget-container\">\n\t\t\t\t\t\t\t<div class=\"elementor-divider\">\n\t\t\t<span class=\"elementor-divider-separator\">\n\t\t\t\t\t\t<\/span>\n\t\t<\/div>\n\t\t\t\t\t\t<\/div>\n\t\t\t\t<\/div>\n\t\t\t\t<div class=\"elementor-element elementor-element-8636c55 elementor-widget elementor-widget-accordion\" data-id=\"8636c55\" data-element_type=\"widget\" data-widget_type=\"accordion.default\">\n\t\t\t\t<div class=\"elementor-widget-container\">\n\t\t\t\t\t\t\t<div class=\"elementor-accordion\">\n\t\t\t\t\t\t\t<div class=\"elementor-accordion-item\">\n\t\t\t\t\t<div id=\"elementor-tab-title-1401\" class=\"elementor-tab-title\" data-tab=\"1\" role=\"button\" aria-controls=\"elementor-tab-content-1401\" aria-expanded=\"false\">\n\t\t\t\t\t\t\t\t\t\t\t\t\t<span class=\"elementor-accordion-icon elementor-accordion-icon-left\" aria-hidden=\"true\">\n\t\t\t\t\t\t\t\t\t\t\t\t\t\t\t<span class=\"elementor-accordion-icon-closed\"><i class=\"fas fa-chevron-down\"><\/i><\/span>\n\t\t\t\t\t\t\t\t<span class=\"elementor-accordion-icon-opened\"><i class=\"fas fa-chevron-up\"><\/i><\/span>\n\t\t\t\t\t\t\t\t\t\t\t\t\t\t<\/span>\n\t\t\t\t\t\t\t\t\t\t\t\t<a class=\"elementor-accordion-title\" tabindex=\"0\">Can you remove a car parked in a private parking lot?<\/a>\n\t\t\t\t\t<\/div>\n\t\t\t\t\t<div id=\"elementor-tab-content-1401\" class=\"elementor-tab-content elementor-clearfix\" data-tab=\"1\" role=\"region\" aria-labelledby=\"elementor-tab-title-1401\">Yes, we remove cars from private parking spaces, but then the owner of the parking space in question must send a request for removal. If the parking space is managed by a housing association, the request must come from the chairman of the housing association or a person who can be proven to have the authority of the housing association to demand eviction.<\/div>\n\t\t\t\t<\/div>\n\t\t\t\t\t\t\t<div class=\"elementor-accordion-item\">\n\t\t\t\t\t<div id=\"elementor-tab-title-1402\" class=\"elementor-tab-title\" data-tab=\"2\" role=\"button\" aria-controls=\"elementor-tab-content-1402\" aria-expanded=\"false\">\n\t\t\t\t\t\t\t\t\t\t\t\t\t<span class=\"elementor-accordion-icon elementor-accordion-icon-left\" aria-hidden=\"true\">\n\t\t\t\t\t\t\t\t\t\t\t\t\t\t\t<span class=\"elementor-accordion-icon-closed\"><i class=\"fas fa-chevron-down\"><\/i><\/span>\n\t\t\t\t\t\t\t\t<span class=\"elementor-accordion-icon-opened\"><i class=\"fas fa-chevron-up\"><\/i><\/span>\n\t\t\t\t\t\t\t\t\t\t\t\t\t\t<\/span>\n\t\t\t\t\t\t\t\t\t\t\t\t<a class=\"elementor-accordion-title\" tabindex=\"0\">How do I react if my car has been impounded by Vaka?<\/a>\n\t\t\t\t\t<\/div>\n\t\t\t\t\t<div id=\"elementor-tab-content-1402\" class=\"elementor-tab-content elementor-clearfix\" data-tab=\"2\" role=\"region\" aria-labelledby=\"elementor-tab-title-1402\">It is best to call us on 567 6700 and get confirmation that your car is with us. You can then come to us at H\u00e9\u00f0insgata 2 and redeem it against the payment of the costs of transport, registration and storage.<\/div>\n\t\t\t\t<\/div>\n\t\t\t\t\t\t\t<div class=\"elementor-accordion-item\">\n\t\t\t\t\t<div id=\"elementor-tab-title-1403\" class=\"elementor-tab-title\" data-tab=\"3\" role=\"button\" aria-controls=\"elementor-tab-content-1403\" aria-expanded=\"false\">\n\t\t\t\t\t\t\t\t\t\t\t\t\t<span class=\"elementor-accordion-icon elementor-accordion-icon-left\" aria-hidden=\"true\">\n\t\t\t\t\t\t\t\t\t\t\t\t\t\t\t<span class=\"elementor-accordion-icon-closed\"><i class=\"fas fa-chevron-down\"><\/i><\/span>\n\t\t\t\t\t\t\t\t<span class=\"elementor-accordion-icon-opened\"><i class=\"fas fa-chevron-up\"><\/i><\/span>\n\t\t\t\t\t\t\t\t\t\t\t\t\t\t<\/span>\n\t\t\t\t\t\t\t\t\t\t\t\t<a class=\"elementor-accordion-title\" tabindex=\"0\">Can I let you dispose of a car that I want to get rid of?<\/a>\n\t\t\t\t\t<\/div>\n\t\t\t\t\t<div id=\"elementor-tab-content-1403\" class=\"elementor-tab-content elementor-clearfix\" data-tab=\"3\" role=\"region\" aria-labelledby=\"elementor-tab-title-1403\"><p>Yes, Vaka is the largest receiver of scrap cars in Iceland. You can fill out a request for the disposal of a car <a href=\"https:\/\/vaka.is\/urvinnsla\">on<\/a> this page and we will prepare a return certificate that you hand over to the Transport Agency. We will pick up the car for free within the capital area, but you can also bring it to us at H\u00e9\u00f0insgatu 2.<\/p><\/div>\n\t\t\t\t<\/div>\n\t\t\t\t\t\t\t<div class=\"elementor-accordion-item\">\n\t\t\t\t\t<div id=\"elementor-tab-title-1404\" class=\"elementor-tab-title\" data-tab=\"4\" role=\"button\" aria-controls=\"elementor-tab-content-1404\" aria-expanded=\"false\">\n\t\t\t\t\t\t\t\t\t\t\t\t\t<span class=\"elementor-accordion-icon elementor-accordion-icon-left\" aria-hidden=\"true\">\n\t\t\t\t\t\t\t\t\t\t\t\t\t\t\t<span class=\"elementor-accordion-icon-closed\"><i class=\"fas fa-chevron-down\"><\/i><\/span>\n\t\t\t\t\t\t\t\t<span class=\"elementor-accordion-icon-opened\"><i class=\"fas fa-chevron-up\"><\/i><\/span>\n\t\t\t\t\t\t\t\t\t\t\t\t\t\t<\/span>\n\t\t\t\t\t\t\t\t\t\t\t\t<a class=\"elementor-accordion-title\" tabindex=\"0\">How much do I get paid for a car that I return for disposal?<\/a>\n\t\t\t\t\t<\/div>\n\t\t\t\t\t<div id=\"elementor-tab-content-1404\" class=\"elementor-tab-content elementor-clearfix\" data-tab=\"4\" role=\"region\" aria-labelledby=\"elementor-tab-title-1404\"><p>You will receive ISK 20,000 from the Processing Fund.<\/p><\/div>\n\t\t\t\t<\/div>\n\t\t\t\t\t\t\t\t<\/div>\n\t\t\t\t\t\t<\/div>\n\t\t\t\t<\/div>\n\t\t\t\t\t<\/div>\n\t\t<\/div>\n\t\t\t\t\t<\/div>\n\t\t<\/section>\n\t\t\t\t<\/div>\n\t\t","protected":false},"excerpt":{"rendered":"<p>Vaka for over 70 years Vaka was founded in 1949 by Danish people, Hans Frost and Niels J\u00f6rgensen. The company&#8217;s original purpose was outlined in a press release in Morgunbla\u00f0in on the 28th. September 1949. The Vaka company has taken on many types of relief work. It has a tow truck ready day or night [&hellip;]<\/p>\n","protected":false},"author":1,"featured_media":0,"parent":0,"menu_order":0,"comment_status":"closed","ping_status":"closed","template":"","meta":{"_acf_changed":false,"_uag_custom_page_level_css":"","site-sidebar-layout":"no-sidebar","site-content-layout":"page-builder","ast-site-content-layout":"default","site-content-style":"default","site-sidebar-style":"default","ast-global-header-display":"","ast-banner-title-visibility":"","ast-main-header-display":"","ast-hfb-above-header-display":"","ast-hfb-below-header-display":"","ast-hfb-mobile-header-display":"","site-post-title":"disabled","ast-breadcrumbs-content":"","ast-featured-img":"disabled","footer-sml-layout":"","theme-transparent-header-meta":"default","adv-header-id-meta":"","stick-header-meta":"default","header-above-stick-meta":"","header-main-stick-meta":"","header-below-stick-meta":"","astra-migrate-meta-layouts":"default","ast-page-background-enabled":"default","ast-page-background-meta":{"desktop":{"background-color":"","background-image":"","background-repeat":"repeat","background-position":"center center","background-size":"auto","background-attachment":"scroll","background-type":"","background-media":"","overlay-type":"","overlay-color":"","overlay-opacity":"","overlay-gradient":""},"tablet":{"background-color":"","background-image":"","background-repeat":"repeat","background-position":"center center","background-size":"auto","background-attachment":"scroll","background-type":"","background-media":"","overlay-type":"","overlay-color":"","overlay-opacity":"","overlay-gradient":""},"mobile":{"background-color":"","background-image":"","background-repeat":"repeat","background-position":"center center","background-size":"auto","background-attachment":"scroll","background-type":"","background-media":"","overlay-type":"","overlay-color":"","overlay-opacity":"","overlay-gradient":""}},"ast-content-background-meta":{"desktop":{"background-color":"var(--ast-global-color-5)","background-image":"","background-repeat":"repeat","background-position":"center center","background-size":"auto","background-attachment":"scroll","background-type":"","background-media":"","overlay-type":"","overlay-color":"","overlay-opacity":"","overlay-gradient":""},"tablet":{"background-color":"var(--ast-global-color-5)","background-image":"","background-repeat":"repeat","background-position":"center center","background-size":"auto","background-attachment":"scroll","background-type":"","background-media":"","overlay-type":"","overlay-color":"","overlay-opacity":"","overlay-gradient":""},"mobile":{"background-color":"var(--ast-global-color-5)","background-image":"","background-repeat":"repeat","background-position":"center center","background-size":"auto","background-attachment":"scroll","background-type":"","background-media":"","overlay-type":"","overlay-color":"","overlay-opacity":"","overlay-gradient":""}},"footnotes":""},"class_list":["post-2845","page","type-page","status-publish","hentry"],"acf":[],"uagb_featured_image_src":{"full":false,"thumbnail":false,"medium":false,"medium_large":false,"large":false,"1536x1536":false,"2048x2048":false,"woocommerce_thumbnail":false,"woocommerce_single":false,"woocommerce_gallery_thumbnail":false},"uagb_author_info":{"display_name":"D\u00f3ri St\u00f3ri","author_link":"https:\/\/vaka.is\/en\/author\/halldor"},"uagb_comment_info":0,"uagb_excerpt":"Vaka for over 70 years Vaka was founded in 1949 by Danish people, Hans Frost and Niels J\u00f6rgensen. The company&#8217;s original purpose was outlined in a press release in Morgunbla\u00f0in on the 28th. September 1949. The Vaka company has taken on many types of relief work. It has a tow truck ready day or night&hellip;","_links":{"self":[{"href":"https:\/\/vaka.is\/en\/wp-json\/wp\/v2\/pages\/2845","targetHints":{"allow":["GET"]}}],"collection":[{"href":"https:\/\/vaka.is\/en\/wp-json\/wp\/v2\/pages"}],"about":[{"href":"https:\/\/vaka.is\/en\/wp-json\/wp\/v2\/types\/page"}],"author":[{"embeddable":true,"href":"https:\/\/vaka.is\/en\/wp-json\/wp\/v2\/users\/1"}],"replies":[{"embeddable":true,"href":"https:\/\/vaka.is\/en\/wp-json\/wp\/v2\/comments?post=2845"}],"version-history":[{"count":0,"href":"https:\/\/vaka.is\/en\/wp-json\/wp\/v2\/pages\/2845\/revisions"}],"wp:attachment":[{"href":"https:\/\/vaka.is\/en\/wp-json\/wp\/v2\/media?parent=2845"}],"curies":[{"name":"wp","href":"https:\/\/api.w.org\/{rel}","templated":true}]}}